{"id":1967,"date":"2025-06-13T10:52:05","date_gmt":"2025-06-13T10:52:05","guid":{"rendered":"https:\/\/casalampazasmadrid.com\/?page_id=1967"},"modified":"2025-06-13T15:55:33","modified_gmt":"2025-06-13T15:55:33","slug":"politica-privacidad","status":"publish","type":"page","link":"https:\/\/casalampazasmadrid.com\/en\/politica-privacidad\/","title":{"rendered":"Pol\u00edtica de privacidad"},"content":{"rendered":"<div data-elementor-type=\"wp-page\" data-elementor-id=\"1967\" class=\"elementor elementor-1967\" data-elementor-post-type=\"page\">\n\t\t\t\t<div class=\"elementor-element elementor-element-100a11ad e-flex e-con-boxed e-con e-parent\" data-id=\"100a11ad\" data-element_type=\"container\">\n\t\t\t\t\t<div class=\"e-con-inner\">\n\t\t<div class=\"elementor-element elementor-element-5b828dc2 e-con-full e-flex e-con e-child\" data-id=\"5b828dc2\" data-element_type=\"container\">\n\t\t\t\t<div class=\"elementor-element elementor-element-a4003d4 elementor-widget elementor-widget-heading\" data-id=\"a4003d4\" data-element_type=\"widget\" data-widget_type=\"heading.default\">\n\t\t\t\t<div class=\"elementor-widget-container\">\n\t\t\t\t\t<h1 class=\"elementor-heading-title elementor-size-default\">Privacy Police<\/h1>\t\t\t\t<\/div>\n\t\t\t\t<\/div>\n\t\t\t\t<div class=\"elementor-element elementor-element-d1dd0ae elementor-widget elementor-widget-text-editor\" data-id=\"d1dd0ae\" data-element_type=\"widget\" data-widget_type=\"text-editor.default\">\n\t\t\t\t<div class=\"elementor-widget-container\">\n\t\t\t\t\t\t\t\t\t<p>USER INFORMATION<\/p><p class=\"translation-block\">Who is responsible<br> for processing your personal data?\nDISE\u00d1O PEMA, S.L. is the CONTROLLER of the processing of the USER\u2019s personal data and informs you that such data will be processed in accordance with the provisions of Regulation (EU) 2016\/679 of 27 April (GDPR), and Organic Law 3\/2018 of 5 December (LOPDGDD).<\/p><p class=\"translation-block\">For what purpose do we process your personal data?<br>\nTo maintain a commercial relationship with the user. The intended processing operations are:<\/p><p class=\"translation-block\">\u2013 Sending commercial and advertising communications via email, fax, SMS, MMS, social networks, or any other electronic or physical means, present or future, that enable commercial communication. These communications will be carried out by the CONTROLLER and will relate to its products and services, or those of its partners or suppliers with whom it has reached a promotional agreement. In any case, third parties will never have access to personal data.<br>\n\u2013 Conducting market studies and statistical analysis.<br>\n\u2013 Processing orders, requests, and responding to inquiries or any type of request made by the USER through the contact forms made available on the CONTROLLER\u2019s website.<br>\n\u2013 Sending the online newsletter regarding news, offers, and promotions related to our activity.<\/p><p class=\"translation-block\">Why are we allowed to process your personal data?<br>\nThe processing is legitimized by Article 6 of the GDPR as follows:<\/p><p class=\"translation-block\">\u2013 With the USER\u2019s consent: sending commercial communications and newsletters.<br>\n\u2013 For the legitimate interest of the CONTROLLER: conducting market studies, statistical analysis, and processing orders or requests at the USER\u2019s initiative.<\/p><p class=\"translation-block\">How long will we store your personal data?<br>\nThe data will be stored no longer than necessary to fulfill the purpose of the processing, or for as long as legal obligations require. When it is no longer necessary, the data will be securely deleted or anonymized.<\/p><p class=\"translation-block\">To whom do we disclose your personal data?\nNo data disclosure to third parties is planned unless it is necessary for the development and execution of the purposes of the processing. In such cases, the data may be provided to our communication service providers, with whom the CONTROLLER has signed confidentiality and data processor agreements in accordance with current privacy regulations.<\/p><p class=\"translation-block\">What are your rights?<br>\nThe USER has the following rights:<\/p><p class=\"translation-block\">\u2013 The right to withdraw consent at any time.<br>\n\u2013 The right to access, rectify, transfer, and delete personal data, and to restrict or object to its processing.<br>\n\u2013 The right to file a complaint with the supervisory authority (www.aepd.es) if you believe the processing does not comply with current legislation.<br><\/p><p class=\"translation-block\">Contact details to exercise your rights:<br>\nCAN LAMPAZAS, S.L.<br>\nAddress: Av. del Paral\u00b7lel, 159, 08004, Barcelona (Barcelona)<br>\nPhone: +34 936 318 223<br>\nEmail: contabilidad@pulperiacanlampazas.com<\/p><p>MANDATORY OR OPTIONAL NATURE OF THE INFORMATION PROVIDED BY THE USER<\/p><p>By checking the appropriate boxes and entering data in the fields marked with an asterisk (*) in contact forms or download forms, USERS expressly and freely accept that their data is necessary to fulfill their request. The inclusion of data in the remaining fields is voluntary. The USER guarantees that the personal data provided to the CONTROLLER is truthful and is responsible for notifying any changes.<\/p><p>The CONTROLLER informs that all requested data via the website is mandatory, as it is necessary to provide an optimal service to the USER. If not all the requested data is provided, the information and services offered may not be fully adapted to your needs.<\/p><p><span style=\"font-style: inherit; font-weight: inherit;\">SECURITY MEASURES<\/span><\/p><p>In accordance with the current regulations on personal data protection, the CONTROLLER is complying with all GDPR and LOPDGDD provisions regarding the processing of personal data under its responsibility, particularly the principles described in Article 5 of the GDPR. Data is processed lawfully, fairly, and transparently in relation to the data subject, and is adequate, relevant, and limited to what is necessary for the purposes for which it is processed.<\/p><p>The CONTROLLER guarantees that appropriate technical and organizational policies have been implemented to apply the security measures established by the GDPR and LOPDGDD to protect USERS\u2019 rights and freedoms and has provided adequate information so that they can exercise them.<\/p><p class=\"translation-block\">For more information about privacy guarantees, you may contact the CONTROLLER at:<br>\nCAN LAMPAZAS, S.L.<br>\nAddress: Av. del Paral\u00b7lel, 159, 08004, Barcelona (Barcelona)<br>\nPhone: +34 936 318 223<br>\nEmail: contabilidad@pulperiacanlampazas.com<\/p>\t\t\t\t\t\t\t\t<\/div>\n\t\t\t\t<\/div>\n\t\t\t\t<\/div>\n\t\t\t\t\t<\/div>\n\t\t\t\t<\/div>\n\t\t\t\t<\/div>","protected":false},"excerpt":{"rendered":"<p>Pol\u00edtica de Privacidad INFORMACI\u00d3N AL USUARIO \u00bfQui\u00e9n es el responsable del tratamiento de tus datos personales?DISE\u00d1O PEMA, S.L. es el RESPONSABLE del tratamiento de los datos personales del USUARIO y le informa de que estos datos ser\u00e1n tratados de conformidad con lo dispuesto en el Reglamento (UE) 2016\/679, de 27 de abril (GDPR), y la [&hellip;]<\/p>","protected":false},"author":1,"featured_media":0,"parent":0,"menu_order":0,"comment_status":"closed","ping_status":"closed","template":"","meta":{"site-sidebar-layout":"no-sidebar","site-content-layout":"page-builder","ast-site-content-layout":"full-width-container","site-content-style":"default","site-sidebar-style":"default","ast-global-header-display":"","ast-banner-title-visibility":"","ast-main-header-display":"","ast-hfb-above-header-display":"","ast-hfb-below-header-display":"","ast-hfb-mobile-header-display":"","site-post-title":"disabled","ast-breadcrumbs-content":"","ast-featured-img":"disabled","footer-sml-layout":"","theme-transparent-header-meta":"","adv-header-id-meta":"","stick-header-meta":"","header-above-stick-meta":"","header-main-stick-meta":"","header-below-stick-meta":"","astra-migrate-meta-layouts":"set","ast-page-background-enabled":"default","ast-page-background-meta":{"desktop":{"background-color":"","background-image":"","background-repeat":"repeat","background-position":"center center","background-size":"auto","background-attachment":"scroll","background-type":"","background-media":"","overlay-type":"","overlay-color":"","overlay-opacity":"","overlay-gradient":""},"tablet":{"background-color":"","background-image":"","background-repeat":"repeat","background-position":"center center","background-size":"auto","background-attachment":"scroll","background-type":"","background-media":"","overlay-type":"","overlay-color":"","overlay-opacity":"","overlay-gradient":""},"mobile":{"background-color":"","background-image":"","background-repeat":"repeat","background-position":"center center","background-size":"auto","background-attachment":"scroll","background-type":"","background-media":"","overlay-type":"","overlay-color":"","overlay-opacity":"","overlay-gradient":""}},"ast-content-background-meta":{"desktop":{"background-color":"var(--ast-global-color-5)","background-image":"","background-repeat":"repeat","background-position":"center center","background-size":"auto","background-attachment":"scroll","background-type":"","background-media":"","overlay-type":"","overlay-color":"","overlay-opacity":"","overlay-gradient":""},"tablet":{"background-color":"var(--ast-global-color-5)","background-image":"","background-repeat":"repeat","background-position":"center center","background-size":"auto","background-attachment":"scroll","background-type":"","background-media":"","overlay-type":"","overlay-color":"","overlay-opacity":"","overlay-gradient":""},"mobile":{"background-color":"var(--ast-global-color-5)","background-image":"","background-repeat":"repeat","background-position":"center center","background-size":"auto","background-attachment":"scroll","background-type":"","background-media":"","overlay-type":"","overlay-color":"","overlay-opacity":"","overlay-gradient":""}},"footnotes":""},"class_list":["post-1967","page","type-page","status-publish","hentry"],"_links":{"self":[{"href":"https:\/\/casalampazasmadrid.com\/en\/wp-json\/wp\/v2\/pages\/1967","targetHints":{"allow":["GET"]}}],"collection":[{"href":"https:\/\/casalampazasmadrid.com\/en\/wp-json\/wp\/v2\/pages"}],"about":[{"href":"https:\/\/casalampazasmadrid.com\/en\/wp-json\/wp\/v2\/types\/page"}],"author":[{"embeddable":true,"href":"https:\/\/casalampazasmadrid.com\/en\/wp-json\/wp\/v2\/users\/1"}],"replies":[{"embeddable":true,"href":"https:\/\/casalampazasmadrid.com\/en\/wp-json\/wp\/v2\/comments?post=1967"}],"version-history":[{"count":16,"href":"https:\/\/casalampazasmadrid.com\/en\/wp-json\/wp\/v2\/pages\/1967\/revisions"}],"predecessor-version":[{"id":2008,"href":"https:\/\/casalampazasmadrid.com\/en\/wp-json\/wp\/v2\/pages\/1967\/revisions\/2008"}],"wp:attachment":[{"href":"https:\/\/casalampazasmadrid.com\/en\/wp-json\/wp\/v2\/media?parent=1967"}],"curies":[{"name":"wp","href":"https:\/\/api.w.org\/{rel}","templated":true}]}}