{"id":1955,"date":"2025-06-13T10:48:03","date_gmt":"2025-06-13T10:48:03","guid":{"rendered":"https:\/\/casalampazasmadrid.com\/?page_id=1955"},"modified":"2025-06-13T16:53:07","modified_gmt":"2025-06-13T16:53:07","slug":"politica-cookies","status":"publish","type":"page","link":"https:\/\/casalampazasmadrid.com\/en\/politica-cookies\/","title":{"rendered":"Cookie Policy"},"content":{"rendered":"<div data-elementor-type=\"wp-page\" data-elementor-id=\"1955\" class=\"elementor elementor-1955\" data-elementor-post-type=\"page\">\n\t\t\t\t<div class=\"elementor-element elementor-element-100a11ad e-flex e-con-boxed e-con e-parent\" data-id=\"100a11ad\" data-element_type=\"container\">\n\t\t\t\t\t<div class=\"e-con-inner\">\n\t\t<div class=\"elementor-element elementor-element-5b828dc2 e-con-full e-flex e-con e-child\" data-id=\"5b828dc2\" data-element_type=\"container\">\n\t\t\t\t<div class=\"elementor-element elementor-element-a4003d4 elementor-widget elementor-widget-heading\" data-id=\"a4003d4\" data-element_type=\"widget\" data-widget_type=\"heading.default\">\n\t\t\t\t<div class=\"elementor-widget-container\">\n\t\t\t\t\t<h1 class=\"elementor-heading-title elementor-size-default\">Cookie Policy<\/h1>\t\t\t\t<\/div>\n\t\t\t\t<\/div>\n\t\t\t\t<div class=\"elementor-element elementor-element-d1dd0ae elementor-widget elementor-widget-text-editor\" data-id=\"d1dd0ae\" data-element_type=\"widget\" data-widget_type=\"text-editor.default\">\n\t\t\t\t<div class=\"elementor-widget-container\">\n\t\t\t\t\t\t\t\t\t<p class=\"translation-block\">INFORMATION ABOUT COOKIES<br>\nDue to the enforcement of the amendment to the \"Law on Information Society Services\" (LSSICE) established by Royal Decree 13\/2012, it is mandatory to obtain the express consent of the user on all websites that use non-essential cookies before the user browses them.<\/p>\n<p class=\"translation-block\">WHAT ARE COOKIES?<br>\nCookies and other similar technologies such as local shared objects, flash cookies, or pixels are tools used by web servers to store and retrieve information about their visitors, as well as to ensure the proper functioning of the site.\nBy using these devices, the web server is able to remember some data concerning the user, such as preferences for viewing the pages on that server, name and password, products of interest, etc.<\/p>\n<p class=\"translation-block\">COOKIES AFFECTED BY THE REGULATIONS AND EXEMPT COOKIES<br>\nAccording to the EU directive, cookies that require the user's informed consent are analytical, advertising, and affiliate cookies, with the exception of technical cookies and those necessary for the operation of the website or the provision of services expressly requested by the user.<\/p>\n<p>TYPES OF COOKIES<\/p>\n<p class=\"translation-block\">ACCORDING TO THEIR PURPOSE<br>\n\nTechnical and functional cookies: These allow the user to navigate through a website, platform, or application and use the different options or services that exist within it.<br>\n\nAnalytical cookies: These allow the responsible party to track and analyze the behavior of users of the websites to which they are linked. The information collected by this type of cookie is used to measure the activity of websites, applications, or platforms and to create browsing profiles of users in order to introduce improvements based on the analysis of usage data.<br>\n\nAdvertising cookies: These enable the most efficient management of advertising spaces that, where appropriate, the publisher has included on a website, application, or platform based on criteria such as edited content or the frequency with which ads are displayed.<br>\n\nBehavioral advertising cookies: These store information about users' preferences and personal choices (retargeting) to allow for the most efficient management of advertising spaces.<br>\n\nSocial cookies: These are set by social media platforms on the services to enable content sharing with friends and networks. Social media platforms can track your online activity outside the Services, which may impact the content and messages you see on other services you visit.<br>\n\nAffiliate cookies: These allow tracking of visits from other websites with which the site establishes an affiliation agreement (affiliate companies).<br>\n\nSecurity cookies: These store encrypted information to prevent the data stored in them from being vulnerable to malicious attacks by third parties.<br><\/p>\n<p class=\"translation-block\">ACCORDING TO OWNERSHIP<br>\n\nFirst-party cookies: These are sent to the user's device from a domain managed by the publisher from which the requested service is provided.<br>\n\nThird-party cookies: These are sent to the user's device from a domain that is not managed by the publisher, but by another entity that processes the data obtained through the cookies.<\/p>\n<p class=\"translation-block\">ACCORDING TO STORAGE PERIOD<br>\n\nSession cookies: These are designed to collect and store data while the user accesses a web page.<br>\n\nPersistent cookies: With these, data remain stored on the device and can be accessed and processed for a period defined by the cookie's controller, which can range from a few minutes to several years.<\/p>\n<p class=\"translation-block\">PROCESSING OF PERSONAL DATA<br>\nDISE\u00d1O PEMA SL is the Data Controller for the personal data of the Data Subject and informs you that this data will be processed in accordance with the provisions of Regulation (EU) 2016\/679 of April 27, 2016 (GDPR). You are therefore provided with the following information:<br>\nPurposes of processing: As specified in the section on cookies used on this website.\nLegal basis for processing: The data subject's consent (Art. 6.1 GDPR).<br>\nData retention criteria: As specified in the section on cookies used on the website.\nData disclosure: No data will be disclosed to third parties, except for cookies owned by third parties or legal obligation.<br>\nRights of the data subject:<br>\n\nThe right to withdraw consent at any time.<br>\n\nThe right of access, rectification, portability, and erasure of data, and the right to restrict or object to processing.<br>\n\nThe right to lodge a complaint with the Supervisory Authority (www.aepd.es) if the data subject considers that the processing does not comply with current regulations.<br>\n\nContact details for exercising your rights:<br>\nCAN LAMPAZAS, S.L.<br>\nAddress: AV. DEL PARAL.LEL, 159, 08004, BARCELONA (BARCELONA)<br>\nPhone: 936318223<br>\nEmail: CONTABILIDAD@PULPERIACANLAMPAZAS.COM<\/p>\t\t\t\t\t\t\t\t<\/div>\n\t\t\t\t<\/div>\n\t\t\t\t<\/div>\n\t\t\t\t\t<\/div>\n\t\t\t\t<\/div>\n\t\t\t\t<\/div>","protected":false},"excerpt":{"rendered":"<p>Pol\u00edtica de Cookies INFORMACI\u00d3N SOBRE COOKIESDebido a la entrada en vigor de la referente modificaci\u00f3n de la \u00abLey de Servicios de la Sociedad de la Informaci\u00f3n\u00bb (LSSICE) establecida por el Real Decreto 13\/2012, es de obligaci\u00f3n obtener el consentimiento expreso del usuario de todas las p\u00e1ginas web que usan cookies prescindibles, antes de que este [&hellip;]<\/p>","protected":false},"author":1,"featured_media":0,"parent":0,"menu_order":0,"comment_status":"closed","ping_status":"closed","template":"","meta":{"site-sidebar-layout":"no-sidebar","site-content-layout":"page-builder","ast-site-content-layout":"full-width-container","site-content-style":"default","site-sidebar-style":"default","ast-global-header-display":"","ast-banner-title-visibility":"","ast-main-header-display":"","ast-hfb-above-header-display":"","ast-hfb-below-header-display":"","ast-hfb-mobile-header-display":"","site-post-title":"disabled","ast-breadcrumbs-content":"","ast-featured-img":"disabled","footer-sml-layout":"","theme-transparent-header-meta":"","adv-header-id-meta":"","stick-header-meta":"","header-above-stick-meta":"","header-main-stick-meta":"","header-below-stick-meta":"","astra-migrate-meta-layouts":"set","ast-page-background-enabled":"default","ast-page-background-meta":{"desktop":{"background-color":"","background-image":"","background-repeat":"repeat","background-position":"center center","background-size":"auto","background-attachment":"scroll","background-type":"","background-media":"","overlay-type":"","overlay-color":"","overlay-opacity":"","overlay-gradient":""},"tablet":{"background-color":"","background-image":"","background-repeat":"repeat","background-position":"center center","background-size":"auto","background-attachment":"scroll","background-type":"","background-media":"","overlay-type":"","overlay-color":"","overlay-opacity":"","overlay-gradient":""},"mobile":{"background-color":"","background-image":"","background-repeat":"repeat","background-position":"center center","background-size":"auto","background-attachment":"scroll","background-type":"","background-media":"","overlay-type":"","overlay-color":"","overlay-opacity":"","overlay-gradient":""}},"ast-content-background-meta":{"desktop":{"background-color":"var(--ast-global-color-5)","background-image":"","background-repeat":"repeat","background-position":"center center","background-size":"auto","background-attachment":"scroll","background-type":"","background-media":"","overlay-type":"","overlay-color":"","overlay-opacity":"","overlay-gradient":""},"tablet":{"background-color":"var(--ast-global-color-5)","background-image":"","background-repeat":"repeat","background-position":"center center","background-size":"auto","background-attachment":"scroll","background-type":"","background-media":"","overlay-type":"","overlay-color":"","overlay-opacity":"","overlay-gradient":""},"mobile":{"background-color":"var(--ast-global-color-5)","background-image":"","background-repeat":"repeat","background-position":"center center","background-size":"auto","background-attachment":"scroll","background-type":"","background-media":"","overlay-type":"","overlay-color":"","overlay-opacity":"","overlay-gradient":""}},"footnotes":""},"class_list":["post-1955","page","type-page","status-publish","hentry"],"_links":{"self":[{"href":"https:\/\/casalampazasmadrid.com\/en\/wp-json\/wp\/v2\/pages\/1955","targetHints":{"allow":["GET"]}}],"collection":[{"href":"https:\/\/casalampazasmadrid.com\/en\/wp-json\/wp\/v2\/pages"}],"about":[{"href":"https:\/\/casalampazasmadrid.com\/en\/wp-json\/wp\/v2\/types\/page"}],"author":[{"embeddable":true,"href":"https:\/\/casalampazasmadrid.com\/en\/wp-json\/wp\/v2\/users\/1"}],"replies":[{"embeddable":true,"href":"https:\/\/casalampazasmadrid.com\/en\/wp-json\/wp\/v2\/comments?post=1955"}],"version-history":[{"count":19,"href":"https:\/\/casalampazasmadrid.com\/en\/wp-json\/wp\/v2\/pages\/1955\/revisions"}],"predecessor-version":[{"id":2016,"href":"https:\/\/casalampazasmadrid.com\/en\/wp-json\/wp\/v2\/pages\/1955\/revisions\/2016"}],"wp:attachment":[{"href":"https:\/\/casalampazasmadrid.com\/en\/wp-json\/wp\/v2\/media?parent=1955"}],"curies":[{"name":"wp","href":"https:\/\/api.w.org\/{rel}","templated":true}]}}